{"id":2428,"date":"2020-02-20T15:46:25","date_gmt":"2020-02-20T15:46:25","guid":{"rendered":"https:\/\/www.hedys.com\/store\/garmin-vivoki\/"},"modified":"2020-05-11T20:17:34","modified_gmt":"2020-05-11T20:17:34","slug":"garmin-vivoki","status":"publish","type":"product","link":"https:\/\/www.hedys.com\/store\/product\/garmin-vivoki\/","title":{"rendered":"Garmin Vivoki"},"content":{"rendered":"<div>\n<h3>All-day Activity Tracker<\/h3>\n<ul>\n<li>Records steps\u00b9, distance, calories and intensity and provides a personalized daily goal<\/li>\n<li>Clips to torso or waist, or slips into pocket<\/li>\n<li>Wireless automatic uploads to analysis site<\/li>\n<li>Water-resistant (10 m)<\/li>\n<\/ul>\n<\/div>\n<div>\n<p>We\u2019re all seeking ways to improve employee wellness and inspire those individuals to make healthy habits stick. v\u00edvok\u00ed is a reliable, easy-to-use activity tracker that fits into corporate wellness programs to provide motivation and accountability for participants.<\/p>\n<h3>The Key to a Healthy Life<\/h3>\n<p>v\u00edvok\u00ed follows participants through their daily activities, counting their steps, distance traveled, calories burned and intensity of exercise. Five LED lights indicate the user\u2019s progress toward a personalized daily goal.<\/p>\n<h3>Goes Anywhere<\/h3>\n<p>v\u00edvok\u00ed is small and discreet, and users can wear it on their torso or waist, or slip it into a pocket. v\u00edvok\u00ed is water-resistant.<\/p>\n<h3>Wireless Sync<\/h3>\n<p>Users\u2019 activity data is sent wirelessly to a wellness partner\u2019s site via a wireless access point. These access points can be installed by a company\u2019s IT department, allowing for hassle-free data uploads from participants\u2019 devices. Participants can then view their progress on the analysis site.<\/p>\n<p>&nbsp;<\/p>\n<\/div>\n","protected":false},"excerpt":{"rendered":"<p style=\"margin: 1rem 0px;padding: 0px;border: 0px;vertical-align: baseline;, HelveticaNeue, HelveticaNeueu, Arial, sans-serif;font-weight: 400;line-height: 1.4;font-size: 1.25em\">All-day Activity Tracker<\/p>\n<ul>\n<li style=\"margin: 0px;padding: 0px;border: 0px;vertical-align: baseline;font-family: inherit;font-style: inherit;line-height: 1.6\">Records steps, distance, calories and intensity and provides a personalized daily goal<\/li>\n<li style=\"margin: 0px;padding: 0px;border: 0px;vertical-align: baseline;font-family: inherit;font-style: inherit;line-height: 1.6\">Clips to torso or waist, or slips into pocket<\/li>\n<li style=\"margin: 0px;padding: 0px;border: 0px;vertical-align: baseline;font-family: inherit;font-style: inherit;line-height: 1.6\">Wireless automatic uploads to analysis site<\/li>\n<li style=\"margin: 0px;padding: 0px;border: 0px;vertical-align: baseline;font-family: inherit;font-style: inherit;line-height: 1.6\">Water-resistant (10 m)<\/li>\n<\/ul>\n","protected":false},"featured_media":0,"template":"","meta":[],"_links":{"self":[{"href":"https:\/\/www.hedys.com\/store\/wp-json\/wp\/v2\/product\/2428"}],"collection":[{"href":"https:\/\/www.hedys.com\/store\/wp-json\/wp\/v2\/product"}],"about":[{"href":"https:\/\/www.hedys.com\/store\/wp-json\/wp\/v2\/types\/product"}],"wp:attachment":[{"href":"https:\/\/www.hedys.com\/store\/wp-json\/wp\/v2\/media?parent=2428"}],"curies":[{"name":"wp","href":"https:\/\/api.w.org\/{rel}","templated":true}]}}